{"id":162,"date":"2024-02-19T18:24:13","date_gmt":"2024-02-19T18:24:13","guid":{"rendered":"http:\/\/www.jensenpracownia.pl\/index.php\/home\/"},"modified":"2024-02-21T16:25:23","modified_gmt":"2024-02-21T16:25:23","slug":"home","status":"publish","type":"page","link":"http:\/\/www.jensenpracownia.pl\/","title":{"rendered":"Home"},"content":{"rendered":"\t\t<div data-elementor-type=\"wp-page\" data-elementor-id=\"162\" class=\"elementor elementor-162\">\n\t\t\t\t<div class=\"elementor-element elementor-element-1697ded0 e-con-full e-flex e-con e-parent\" data-id=\"1697ded0\" data-element_type=\"container\">\n\t\t<div class=\"elementor-element elementor-element-5acba789 e-con-full e-flex e-con e-child\" data-id=\"5acba789\" data-element_type=\"container\">\n\t\t<div class=\"elementor-element elementor-element-5b1700be e-con-full e-flex e-con e-child\" data-id=\"5b1700be\" data-element_type=\"container\">\n\t\t\t\t<div class=\"elementor-element elementor-element-f3f6cc2 elementor-widget__width-initial elementor-widget elementor-widget-heading\" data-id=\"f3f6cc2\" data-element_type=\"widget\" data-widget_type=\"heading.default\">\n\t\t\t\t<div class=\"elementor-widget-container\">\n\t\t\t\t\t<span class=\"elementor-heading-title elementor-size-default\">projektowanie w zgodzie z natur\u0105<\/span>\t\t\t\t<\/div>\n\t\t\t\t<\/div>\n\t\t\t\t<div class=\"elementor-element elementor-element-1747235 elementor-widget__width-initial elementor-widget elementor-widget-text-editor\" data-id=\"1747235\" data-element_type=\"widget\" data-widget_type=\"text-editor.default\">\n\t\t\t\t<div class=\"elementor-widget-container\">\n\t\t\t\t\t\t\t\t\t<p>Prowadzimy pracownie projektow\u0105 oraz zajmujemy si\u0119 prototypowaniem\u00a0 i wykonawstwem budynk\u00f3w drewnianych. Skupiamy si\u0119 na fukcjonalnej architekturze, wykonanej z naturalnych, ma\u0142o przetworzonych materia\u0142\u00f3w. Sp\u0119dzamy w budynkach wi\u0119kszo\u015b\u0107 naszego \u017cycia, dlatego wierzymy \u017ce dobrze zaprojektowana przestrze\u0144 &#8211; z du\u017c\u0105 ilo\u015bci\u0105 naturalnego \u015bwiat\u0142a, wykorzystuj\u0105ca atuty swojego po\u0142o\u017cenia i wykonana z naturalnych materia\u0142\u00f3w ma ogromny wp\u0142yw nasze codziennie samopoczucie i satysfakcje.<\/p>\t\t\t\t\t\t\t\t<\/div>\n\t\t\t\t<\/div>\n\t\t\t\t<div class=\"elementor-element elementor-element-5a47fb20 elementor-invisible elementor-widget elementor-widget-button\" data-id=\"5a47fb20\" data-element_type=\"widget\" data-settings=\"{&quot;_animation&quot;:&quot;fadeInDown&quot;}\" data-widget_type=\"button.default\">\n\t\t\t\t<div class=\"elementor-widget-container\">\n\t\t\t\t\t\t\t\t\t<div class=\"elementor-button-wrapper\">\n\t\t\t\t\t<a class=\"elementor-button elementor-button-link elementor-size-sm elementor-animation-sink\" href=\"http:\/\/www.jensenpracownia.pl\/index.php\/contact-us\/\">\n\t\t\t\t\t\t<span class=\"elementor-button-content-wrapper\">\n\t\t\t\t\t\t\t\t\t<span class=\"elementor-button-text\">Napisz do nas<\/span>\n\t\t\t\t\t<\/span>\n\t\t\t\t\t<\/a>\n\t\t\t\t<\/div>\n\t\t\t\t\t\t\t\t<\/div>\n\t\t\t\t<\/div>\n\t\t\t\t<\/div>\n\t\t\t\t<\/div>\n\t\t<div class=\"elementor-element elementor-element-4fa65dce e-con-full e-flex e-con e-child\" data-id=\"4fa65dce\" data-element_type=\"container\" data-settings=\"{&quot;background_background&quot;:&quot;classic&quot;}\">\n\t\t\t\t<\/div>\n\t\t\t\t<\/div>\n\t\t<div class=\"elementor-element elementor-element-3f6dca0d e-con-full e-flex e-con e-parent\" data-id=\"3f6dca0d\" data-element_type=\"container\">\n\t\t\t\t<div class=\"elementor-element elementor-element-413de1f4 elementor-widget__width-initial elementor-widget elementor-widget-heading\" data-id=\"413de1f4\" data-element_type=\"widget\" data-widget_type=\"heading.default\">\n\t\t\t\t<div class=\"elementor-widget-container\">\n\t\t\t\t\t<span class=\"elementor-heading-title elementor-size-default\">\nprojekty<\/span>\t\t\t\t<\/div>\n\t\t\t\t<\/div>\n\t\t\t\t<\/div>\n\t\t<div class=\"elementor-element elementor-element-b673989 e-flex e-con-boxed e-con e-parent\" data-id=\"b673989\" data-element_type=\"container\">\n\t\t\t\t\t<div class=\"e-con-inner\">\n\t\t\t\t\t<\/div>\n\t\t\t\t<\/div>\n\t\t<div class=\"elementor-element elementor-element-046a7d3 e-flex e-con-boxed e-con e-parent\" data-id=\"046a7d3\" data-element_type=\"container\">\n\t\t\t\t\t<div class=\"e-con-inner\">\n\t\t\t\t<div class=\"elementor-element elementor-element-85fdfd3 elementor-position-top elementor-widget elementor-widget-image-box\" data-id=\"85fdfd3\" data-element_type=\"widget\" data-widget_type=\"image-box.default\">\n\t\t\t\t<div class=\"elementor-widget-container\">\n\t\t\t\t\t<div class=\"elementor-image-box-wrapper\"><figure class=\"elementor-image-box-img\"><a href=\"http:\/\/www.jensenpracownia.pl\/index.php\/2024\/02\/19\/dom-jednorodzinny\/\" tabindex=\"-1\"><img fetchpriority=\"high\" decoding=\"async\" width=\"768\" height=\"1365\" src=\"http:\/\/www.jensenpracownia.pl\/wp-content\/uploads\/2024\/02\/20230727_211421-768x1365.jpg\" class=\"attachment-medium_large size-medium_large wp-image-21\" alt=\"elewacja palone drewno sou shugi ban dom szkieletowy\" srcset=\"http:\/\/www.jensenpracownia.pl\/wp-content\/uploads\/2024\/02\/20230727_211421-768x1365.jpg 768w, http:\/\/www.jensenpracownia.pl\/wp-content\/uploads\/2024\/02\/20230727_211421-169x300.jpg 169w, http:\/\/www.jensenpracownia.pl\/wp-content\/uploads\/2024\/02\/20230727_211421-576x1024.jpg 576w, http:\/\/www.jensenpracownia.pl\/wp-content\/uploads\/2024\/02\/20230727_211421-864x1536.jpg 864w, http:\/\/www.jensenpracownia.pl\/wp-content\/uploads\/2024\/02\/20230727_211421-1152x2048.jpg 1152w, http:\/\/www.jensenpracownia.pl\/wp-content\/uploads\/2024\/02\/20230727_211421-scaled.jpg 1440w\" sizes=\"(max-width: 768px) 100vw, 768px\" \/><\/a><\/figure><div class=\"elementor-image-box-content\"><h3 class=\"elementor-image-box-title\"><a href=\"http:\/\/www.jensenpracownia.pl\/index.php\/2024\/02\/19\/dom-jednorodzinny\/\">Dom jednorodzinny<\/a><\/h3><p class=\"elementor-image-box-description\">Rozbudowa kompleksu obserawatorium astronomicznego o budynek mieszkalny, kt\u00f3ry by\u0142by wystarczaj\u0105co elastyczny by m\u00f3c pe\u0142ni\u0107 baz\u0119 noclegow\u0105 dla go\u015bci obserwatorium w razie potrzeby. Konstrukcja szkieletowa drewniana.<\/p><\/div><\/div>\t\t\t\t<\/div>\n\t\t\t\t<\/div>\n\t\t\t\t<div class=\"elementor-element elementor-element-fde5f01 elementor-position-top elementor-widget elementor-widget-image-box\" data-id=\"fde5f01\" data-element_type=\"widget\" data-widget_type=\"image-box.default\">\n\t\t\t\t<div class=\"elementor-widget-container\">\n\t\t\t\t\t<div class=\"elementor-image-box-wrapper\"><figure class=\"elementor-image-box-img\"><a href=\"http:\/\/www.jensenpracownia.pl\/index.php\/2024\/02\/19\/przychodnia-medyczna\/\" tabindex=\"-1\"><img decoding=\"async\" width=\"4288\" height=\"2848\" src=\"http:\/\/www.jensenpracownia.pl\/wp-content\/uploads\/2024\/02\/portfolio.png\" class=\"attachment-full size-full wp-image-26\" alt=\"przychodnia medyczna projekt minimalistyczna \u015bwiat\u0142o\" srcset=\"http:\/\/www.jensenpracownia.pl\/wp-content\/uploads\/2024\/02\/portfolio.png 4288w, http:\/\/www.jensenpracownia.pl\/wp-content\/uploads\/2024\/02\/portfolio-300x199.png 300w, http:\/\/www.jensenpracownia.pl\/wp-content\/uploads\/2024\/02\/portfolio-1024x680.png 1024w, http:\/\/www.jensenpracownia.pl\/wp-content\/uploads\/2024\/02\/portfolio-768x510.png 768w, http:\/\/www.jensenpracownia.pl\/wp-content\/uploads\/2024\/02\/portfolio-1536x1020.png 1536w, http:\/\/www.jensenpracownia.pl\/wp-content\/uploads\/2024\/02\/portfolio-2048x1360.png 2048w\" sizes=\"(max-width: 4288px) 100vw, 4288px\" \/><\/a><\/figure><div class=\"elementor-image-box-content\"><h3 class=\"elementor-image-box-title\"><a href=\"http:\/\/www.jensenpracownia.pl\/index.php\/2024\/02\/19\/przychodnia-medyczna\/\">Przychodnia medyczna<\/a><\/h3><p class=\"elementor-image-box-description\">Budynek przychodni zosta\u0142 zaprojektowany w kszta\u0142cie litery L by stworzy\u0107 mini atrium - ogr\u00f3d na kt\u00f3re otwiera si\u0119 przeszklona poczekalnia. Przestrze\u0144 jest minimalistyczna, pe\u0142na \u015bwiat\u0142a i zieleni. <\/p><\/div><\/div>\t\t\t\t<\/div>\n\t\t\t\t<\/div>\n\t\t\t\t<div class=\"elementor-element elementor-element-72bf5a3 elementor-position-top elementor-widget elementor-widget-image-box\" data-id=\"72bf5a3\" data-element_type=\"widget\" data-widget_type=\"image-box.default\">\n\t\t\t\t<div class=\"elementor-widget-container\">\n\t\t\t\t\t<div class=\"elementor-image-box-wrapper\"><figure class=\"elementor-image-box-img\"><a href=\"http:\/\/www.jensenpracownia.pl\/index.php\/2024\/02\/21\/dom-jednorodzinny-z-warsztatem\/\" tabindex=\"-1\"><img decoding=\"async\" width=\"768\" height=\"1026\" src=\"http:\/\/www.jensenpracownia.pl\/wp-content\/uploads\/2024\/02\/20230513_191441-scaled-e1708368926955-768x1026.jpg\" class=\"attachment-medium_large size-medium_large wp-image-19\" alt=\"Dom szkieletowy drewniany p\u0142yty cementowe dom na wsi\" srcset=\"http:\/\/www.jensenpracownia.pl\/wp-content\/uploads\/2024\/02\/20230513_191441-scaled-e1708368926955-768x1026.jpg 768w, http:\/\/www.jensenpracownia.pl\/wp-content\/uploads\/2024\/02\/20230513_191441-scaled-e1708368926955-225x300.jpg 225w, http:\/\/www.jensenpracownia.pl\/wp-content\/uploads\/2024\/02\/20230513_191441-scaled-e1708368926955-766x1024.jpg 766w, http:\/\/www.jensenpracownia.pl\/wp-content\/uploads\/2024\/02\/20230513_191441-scaled-e1708368926955-1150x1536.jpg 1150w, http:\/\/www.jensenpracownia.pl\/wp-content\/uploads\/2024\/02\/20230513_191441-scaled-e1708368926955.jpg 1440w\" sizes=\"(max-width: 768px) 100vw, 768px\" \/><\/a><\/figure><div class=\"elementor-image-box-content\"><h3 class=\"elementor-image-box-title\"><a href=\"http:\/\/www.jensenpracownia.pl\/index.php\/2024\/02\/21\/dom-jednorodzinny-z-warsztatem\/\">Dom jednorodzinny z warsztatem<\/a><\/h3><p class=\"elementor-image-box-description\">Dom jednorodzinny wykorzystuje swoje ustronne po\u0142o\u017cenie by otworzy\u0107 si\u0119 na otaczaj\u0105cy krajobraz. Konstrukcja szkieletowa drewniana.<\/p><\/div><\/div>\t\t\t\t<\/div>\n\t\t\t\t<\/div>\n\t\t\t\t\t<\/div>\n\t\t\t\t<\/div>\n\t\t<div class=\"elementor-element elementor-element-1d85915 e-grid e-con-boxed e-con e-parent\" data-id=\"1d85915\" data-element_type=\"container\">\n\t\t\t\t\t<div class=\"e-con-inner\">\n\t\t\t\t\t<\/div>\n\t\t\t\t<\/div>\n\t\t<div class=\"elementor-element elementor-element-e002bce e-grid e-con-boxed e-con e-parent\" data-id=\"e002bce\" data-element_type=\"container\">\n\t\t\t\t\t<div class=\"e-con-inner\">\n\t\t\t\t\t<\/div>\n\t\t\t\t<\/div>\n\t\t\t\t<\/div>\n\t\t","protected":false},"excerpt":{"rendered":"<p>projektowanie w zgodzie z natur\u0105 Prowadzimy pracownie projektow\u0105 oraz zajmujemy si\u0119 prototypowaniem\u00a0 i wykonawstwem budynk\u00f3w drewnianych. Skupiamy si\u0119 na fukcjonalnej architekturze, wykonanej z naturalnych, ma\u0142o przetworzonych materia\u0142\u00f3w. Sp\u0119dzamy w budynkach wi\u0119kszo\u015b\u0107 naszego \u017cycia, dlatego wierzymy \u017ce dobrze zaprojektowana przestrze\u0144 &#8211; z du\u017c\u0105 ilo\u015bci\u0105 naturalnego \u015bwiat\u0142a, wykorzystuj\u0105ca atuty swojego po\u0142o\u017cenia i wykonana z naturalnych materia\u0142\u00f3w ma [&hellip;]<\/p>\n","protected":false},"author":1,"featured_media":0,"parent":0,"menu_order":0,"comment_status":"closed","ping_status":"closed","template":"elementor_header_footer","meta":{"footnotes":""},"_links":{"self":[{"href":"http:\/\/www.jensenpracownia.pl\/index.php\/wp-json\/wp\/v2\/pages\/162"}],"collection":[{"href":"http:\/\/www.jensenpracownia.pl\/index.php\/wp-json\/wp\/v2\/pages"}],"about":[{"href":"http:\/\/www.jensenpracownia.pl\/index.php\/wp-json\/wp\/v2\/types\/page"}],"author":[{"embeddable":true,"href":"http:\/\/www.jensenpracownia.pl\/index.php\/wp-json\/wp\/v2\/users\/1"}],"replies":[{"embeddable":true,"href":"http:\/\/www.jensenpracownia.pl\/index.php\/wp-json\/wp\/v2\/comments?post=162"}],"version-history":[{"count":52,"href":"http:\/\/www.jensenpracownia.pl\/index.php\/wp-json\/wp\/v2\/pages\/162\/revisions"}],"predecessor-version":[{"id":270,"href":"http:\/\/www.jensenpracownia.pl\/index.php\/wp-json\/wp\/v2\/pages\/162\/revisions\/270"}],"wp:attachment":[{"href":"http:\/\/www.jensenpracownia.pl\/index.php\/wp-json\/wp\/v2\/media?parent=162"}],"curies":[{"name":"wp","href":"https:\/\/api.w.org\/{rel}","templated":true}]}}