{"id":151,"date":"2024-02-19T18:24:10","date_gmt":"2024-02-19T18:24:10","guid":{"rendered":"http:\/\/www.jensenpracownia.pl\/index.php\/about-us\/"},"modified":"2024-02-22T08:10:16","modified_gmt":"2024-02-22T08:10:16","slug":"about-us","status":"publish","type":"page","link":"http:\/\/www.jensenpracownia.pl\/index.php\/about-us\/","title":{"rendered":"About Us"},"content":{"rendered":"\t\t<div data-elementor-type=\"wp-page\" data-elementor-id=\"151\" class=\"elementor elementor-151\">\n\t\t\t\t<div class=\"elementor-element elementor-element-7fa2dc55 e-con-full e-flex e-con e-parent\" data-id=\"7fa2dc55\" data-element_type=\"container\">\n\t\t<div class=\"elementor-element elementor-element-11b0f0ce e-con-full e-flex e-con e-child\" data-id=\"11b0f0ce\" data-element_type=\"container\">\n\t\t<div class=\"elementor-element elementor-element-425aece2 e-con-full e-flex e-con e-child\" data-id=\"425aece2\" data-element_type=\"container\">\n\t\t\t\t<div class=\"elementor-element elementor-element-2fe4dab2 elementor-widget elementor-widget-heading\" data-id=\"2fe4dab2\" data-element_type=\"widget\" data-widget_type=\"heading.default\">\n\t\t\t\t<div class=\"elementor-widget-container\">\n\t\t\t\t\t<h1 class=\"elementor-heading-title elementor-size-default\">Dobra architektura to przestrze\u0144, \u015bwiat\u0142o i materia\u0142.<\/h1>\t\t\t\t<\/div>\n\t\t\t\t<\/div>\n\t\t\t\t<div class=\"elementor-element elementor-element-365af02e elementor-widget__width-initial elementor-invisible elementor-widget elementor-widget-text-editor\" data-id=\"365af02e\" data-element_type=\"widget\" data-settings=\"{&quot;_animation&quot;:&quot;fadeInDown&quot;}\" data-widget_type=\"text-editor.default\">\n\t\t\t\t<div class=\"elementor-widget-container\">\n\t\t\t\t\t\t\t\t\t<p>Projektujemy i budujemy\u00a0 przestrzenie, kt\u00f3re inspiruj\u0105 i zachwycaj\u0105. Skupiamy si\u0119 na rzemio\u015ble oraz tworzeniu budynk\u00f3w oraz mebli, kt\u00f3re wykorzytuj\u0105 ma\u0142\u0105 przestrze\u0144, s\u0105 funkcjonalne i sprawiaj\u0105, \u017ce codzienne w nich przebywanie jest przyjemno\u015bci\u0105.<\/p>\t\t\t\t\t\t\t\t<\/div>\n\t\t\t\t<\/div>\n\t\t\t\t<\/div>\n\t\t\t\t<div class=\"elementor-element elementor-element-14da5193 elementor-invisible elementor-widget elementor-widget-heading\" data-id=\"14da5193\" data-element_type=\"widget\" data-settings=\"{&quot;_animation&quot;:&quot;fadeInUp&quot;}\" data-widget_type=\"heading.default\">\n\t\t\t\t<div class=\"elementor-widget-container\">\n\t\t\t\t\t<span class=\"elementor-heading-title elementor-size-default\">pracownia<\/span>\t\t\t\t<\/div>\n\t\t\t\t<\/div>\n\t\t\t\t<\/div>\n\t\t<div class=\"elementor-element elementor-element-6f9efb58 e-con-full e-flex e-con e-child\" data-id=\"6f9efb58\" data-element_type=\"container\" data-settings=\"{&quot;background_background&quot;:&quot;classic&quot;}\">\n\t\t\t\t<\/div>\n\t\t\t\t<\/div>\n\t\t<div class=\"elementor-element elementor-element-3056a2d1 e-con-full e-flex e-con e-parent\" data-id=\"3056a2d1\" data-element_type=\"container\">\n\t\t<div class=\"elementor-element elementor-element-5f55e58f e-con-full e-flex e-con e-child\" data-id=\"5f55e58f\" data-element_type=\"container\">\n\t\t\t\t<div class=\"elementor-element elementor-element-5683e3b elementor-widget-tablet__width-initial elementor-widget-mobile__width-inherit elementor-widget__width-initial elementor-widget elementor-widget-image-box\" data-id=\"5683e3b\" data-element_type=\"widget\" data-widget_type=\"image-box.default\">\n\t\t\t\t<div class=\"elementor-widget-container\">\n\t\t\t\t\t<div class=\"elementor-image-box-wrapper\"><div class=\"elementor-image-box-content\"><h3 class=\"elementor-image-box-title\">Aleksandra jensen<\/h3><p class=\"elementor-image-box-description\">magister in\u017cynier architekt <br>\ncz\u0142onek Dolno\u015bl\u0105skiej  Izby Architekt\u00f3w RP<br>\nCertyfikowany Projektant Dom\u00f3w Pasywnych Passivhaus Institut Darmstadt<br><br>\n\nDo\u015bwiadczenie zdobywa\u0142am w biurach w Berlinie, Alicante i w Melbourne. \nZainteresowa\u0142am si\u0119 wykorzystywaniem naturalnych matera\u0142\u00f3w w budownictwie  podczas pracy w Nepalu dla Good Earth Global w 2016r., gdzie pracowali\u015bmy nad odbudow\u0105 szk\u00f3\u0142 po trz\u0119sieniu ziemi i stworzeniu dokumentacji dla technologii Super Adobe - \u0142atwej w budowie w odleg\u0142ych cz\u0119\u015bciach kraju, odpornej na trz\u0119sienia i wykorzystuj\u0105cej \u0142atwo dost\u0119pne lokalne materia\u0142y.<br><br>\n\nSkupiamy si\u0119 na projektowaniu budynk\u00f3w i wn\u0119trz, kt\u00f3re s\u0105 maksymalnie funkcjonalne i pomimo ma\u0142ego metra\u017cu daj\u0105 poczucie przestrzeni i oddechu. <br><br>\n\n<\/p><\/div><\/div>\t\t\t\t<\/div>\n\t\t\t\t<\/div>\n\t\t\t\t<div class=\"elementor-element elementor-element-4edf7c99 elementor-widget-tablet__width-initial elementor-widget-mobile__width-inherit elementor-widget elementor-widget-image-box\" data-id=\"4edf7c99\" data-element_type=\"widget\" data-widget_type=\"image-box.default\">\n\t\t\t\t<div class=\"elementor-widget-container\">\n\t\t\t\t\t<div class=\"elementor-image-box-wrapper\"><div class=\"elementor-image-box-content\"><h3 class=\"elementor-image-box-title\">Nathan Jensen<\/h3><p class=\"elementor-image-box-description\">cie\u015bla z 20 letnim do\u015bwiadczeniem w budownictwie szkieletowym.<br><br>\n\nNathan to mistrz detalu, kt\u00f3rego lata do\u015bwiadczenia w pracy z drewnem pozwalaj\u0105 nam opracowywa\u0107 i ulepsza\u0107 detale konstrukcji oraz usprawnia\u0107 proces budowy redukuj\u0105c odpady. <br><br>\nZainteresowanie  wykorzystywaniem naturalnych materia\u0142\u00f3w pojawi\u0142o si\u0119 podczas pracy w Nepalu przy budowie szko\u0142y w technologii super adobe, kt\u00f3r\u0105 p\u00f3\u017aniej wykorzysta\u0142 pracuj\u0105c w Melbourne przy tworzeniu budynk\u00f3w z wykorzystaniem rammed earth - ziemi ubijanej.  <br><br>\n<\/p><\/div><\/div>\t\t\t\t<\/div>\n\t\t\t\t<\/div>\n\t\t\t\t<\/div>\n\t\t\t\t<\/div>\n\t\t\t\t<\/div>\n\t\t","protected":false},"excerpt":{"rendered":"<p>Dobra architektura to przestrze\u0144, \u015bwiat\u0142o i materia\u0142. Projektujemy i budujemy\u00a0 przestrzenie, kt\u00f3re inspiruj\u0105 i zachwycaj\u0105. Skupiamy si\u0119 na rzemio\u015ble oraz tworzeniu budynk\u00f3w oraz mebli, kt\u00f3re wykorzytuj\u0105 ma\u0142\u0105 przestrze\u0144, s\u0105 funkcjonalne i sprawiaj\u0105, \u017ce codzienne w nich przebywanie jest przyjemno\u015bci\u0105. pracownia Aleksandra jensen magister in\u017cynier architekt cz\u0142onek Dolno\u015bl\u0105skiej Izby Architekt\u00f3w RP Certyfikowany Projektant Dom\u00f3w Pasywnych Passivhaus [&hellip;]<\/p>\n","protected":false},"author":1,"featured_media":0,"parent":0,"menu_order":0,"comment_status":"closed","ping_status":"closed","template":"elementor_header_footer","meta":{"footnotes":""},"_links":{"self":[{"href":"http:\/\/www.jensenpracownia.pl\/index.php\/wp-json\/wp\/v2\/pages\/151"}],"collection":[{"href":"http:\/\/www.jensenpracownia.pl\/index.php\/wp-json\/wp\/v2\/pages"}],"about":[{"href":"http:\/\/www.jensenpracownia.pl\/index.php\/wp-json\/wp\/v2\/types\/page"}],"author":[{"embeddable":true,"href":"http:\/\/www.jensenpracownia.pl\/index.php\/wp-json\/wp\/v2\/users\/1"}],"replies":[{"embeddable":true,"href":"http:\/\/www.jensenpracownia.pl\/index.php\/wp-json\/wp\/v2\/comments?post=151"}],"version-history":[{"count":19,"href":"http:\/\/www.jensenpracownia.pl\/index.php\/wp-json\/wp\/v2\/pages\/151\/revisions"}],"predecessor-version":[{"id":298,"href":"http:\/\/www.jensenpracownia.pl\/index.php\/wp-json\/wp\/v2\/pages\/151\/revisions\/298"}],"wp:attachment":[{"href":"http:\/\/www.jensenpracownia.pl\/index.php\/wp-json\/wp\/v2\/media?parent=151"}],"curies":[{"name":"wp","href":"https:\/\/api.w.org\/{rel}","templated":true}]}}