{"id":109,"date":"2024-02-19T17:48:04","date_gmt":"2024-02-19T17:48:04","guid":{"rendered":"http:\/\/www.jensenpracownia.pl\/?page_id=109"},"modified":"2024-02-21T16:44:36","modified_gmt":"2024-02-21T16:44:36","slug":"http-www-jensenpracownia-pl-index-php-2024-02-19-dom-jednorodzinny","status":"publish","type":"page","link":"http:\/\/www.jensenpracownia.pl\/index.php\/http-www-jensenpracownia-pl-index-php-2024-02-19-dom-jednorodzinny\/","title":{"rendered":"Projekty"},"content":{"rendered":"\n<div class=\"wp-block-columns is-layout-flex wp-container-core-columns-layout-1 wp-block-columns-is-layout-flex\">\n<div class=\"wp-block-column is-layout-flow wp-block-column-is-layout-flow\">\n<figure class=\"wp-block-image size-large\"><a href=\"http:\/\/www.jensenpracownia.pl\/index.php\/2024\/02\/19\/dom-jednorodzinny\/\"><img fetchpriority=\"high\" decoding=\"async\" width=\"576\" height=\"1024\" src=\"http:\/\/www.jensenpracownia.pl\/wp-content\/uploads\/2024\/02\/20240216_110833-576x1024.jpg\" alt=\"dom szkieletowy\" class=\"wp-image-20\" srcset=\"http:\/\/www.jensenpracownia.pl\/wp-content\/uploads\/2024\/02\/20240216_110833-576x1024.jpg 576w, http:\/\/www.jensenpracownia.pl\/wp-content\/uploads\/2024\/02\/20240216_110833-169x300.jpg 169w, http:\/\/www.jensenpracownia.pl\/wp-content\/uploads\/2024\/02\/20240216_110833-768x1365.jpg 768w, http:\/\/www.jensenpracownia.pl\/wp-content\/uploads\/2024\/02\/20240216_110833-864x1536.jpg 864w, http:\/\/www.jensenpracownia.pl\/wp-content\/uploads\/2024\/02\/20240216_110833-1152x2048.jpg 1152w, http:\/\/www.jensenpracownia.pl\/wp-content\/uploads\/2024\/02\/20240216_110833-scaled.jpg 1440w\" sizes=\"(max-width: 576px) 100vw, 576px\" \/><\/a><\/figure>\n<\/div>\n\n\n\n<div class=\"wp-block-column is-layout-flow wp-block-column-is-layout-flow\">\n<figure class=\"wp-block-image size-large is-resized\"><a href=\"http:\/\/www.jensenpracownia.pl\/index.php\/2024\/02\/21\/dom-jednorodzinny-z-warsztatem\/\"><img decoding=\"async\" width=\"1701\" height=\"2268\" src=\"http:\/\/www.jensenpracownia.pl\/wp-content\/uploads\/2024\/02\/20220712_204007-edited-1.jpg\" alt=\"\" class=\"wp-image-273\" style=\"width:275px;height:auto\" srcset=\"http:\/\/www.jensenpracownia.pl\/wp-content\/uploads\/2024\/02\/20220712_204007-edited-1.jpg 1701w, http:\/\/www.jensenpracownia.pl\/wp-content\/uploads\/2024\/02\/20220712_204007-edited-1-225x300.jpg 225w, http:\/\/www.jensenpracownia.pl\/wp-content\/uploads\/2024\/02\/20220712_204007-edited-1-768x1024.jpg 768w, http:\/\/www.jensenpracownia.pl\/wp-content\/uploads\/2024\/02\/20220712_204007-edited-1-1152x1536.jpg 1152w, http:\/\/www.jensenpracownia.pl\/wp-content\/uploads\/2024\/02\/20220712_204007-edited-1-1536x2048.jpg 1536w\" sizes=\"(max-width: 1701px) 100vw, 1701px\" \/><\/a><\/figure>\n<\/div>\n\n\n\n<div class=\"wp-block-column is-layout-flow wp-block-column-is-layout-flow\">\n<figure class=\"wp-block-image size-large\"><a href=\"http:\/\/www.jensenpracownia.pl\/index.php\/2024\/02\/19\/przychodnia-medyczna\/\"><img decoding=\"async\" width=\"680\" height=\"1024\" src=\"http:\/\/www.jensenpracownia.pl\/wp-content\/uploads\/2024\/02\/DSC_0066-680x1024.png\" alt=\"przychodnia medyczna projekt minimalistyczna ogr\u00f3d \u015bwiat\u0142o\" class=\"wp-image-25\" srcset=\"http:\/\/www.jensenpracownia.pl\/wp-content\/uploads\/2024\/02\/DSC_0066-680x1024.png 680w, http:\/\/www.jensenpracownia.pl\/wp-content\/uploads\/2024\/02\/DSC_0066-199x300.png 199w, http:\/\/www.jensenpracownia.pl\/wp-content\/uploads\/2024\/02\/DSC_0066-768x1156.png 768w, http:\/\/www.jensenpracownia.pl\/wp-content\/uploads\/2024\/02\/DSC_0066-1020x1536.png 1020w, http:\/\/www.jensenpracownia.pl\/wp-content\/uploads\/2024\/02\/DSC_0066-1360x2048.png 1360w\" sizes=\"(max-width: 680px) 100vw, 680px\" \/><\/a><\/figure>\n<\/div>\n<\/div>\n\n\n\n<div class=\"wp-block-columns is-layout-flex wp-container-core-columns-layout-2 wp-block-columns-is-layout-flex\">\n<div class=\"wp-block-column is-layout-flow wp-block-column-is-layout-flow\"><\/div>\n\n\n\n<div class=\"wp-block-column is-layout-flow wp-block-column-is-layout-flow\"><\/div>\n<\/div>\n","protected":false},"excerpt":{"rendered":"","protected":false},"author":1,"featured_media":0,"parent":0,"menu_order":0,"comment_status":"closed","ping_status":"closed","template":"","meta":{"footnotes":""},"_links":{"self":[{"href":"http:\/\/www.jensenpracownia.pl\/index.php\/wp-json\/wp\/v2\/pages\/109"}],"collection":[{"href":"http:\/\/www.jensenpracownia.pl\/index.php\/wp-json\/wp\/v2\/pages"}],"about":[{"href":"http:\/\/www.jensenpracownia.pl\/index.php\/wp-json\/wp\/v2\/types\/page"}],"author":[{"embeddable":true,"href":"http:\/\/www.jensenpracownia.pl\/index.php\/wp-json\/wp\/v2\/users\/1"}],"replies":[{"embeddable":true,"href":"http:\/\/www.jensenpracownia.pl\/index.php\/wp-json\/wp\/v2\/comments?post=109"}],"version-history":[{"count":7,"href":"http:\/\/www.jensenpracownia.pl\/index.php\/wp-json\/wp\/v2\/pages\/109\/revisions"}],"predecessor-version":[{"id":280,"href":"http:\/\/www.jensenpracownia.pl\/index.php\/wp-json\/wp\/v2\/pages\/109\/revisions\/280"}],"wp:attachment":[{"href":"http:\/\/www.jensenpracownia.pl\/index.php\/wp-json\/wp\/v2\/media?parent=109"}],"curies":[{"name":"wp","href":"https:\/\/api.w.org\/{rel}","templated":true}]}}